{"id":390,"date":"2024-05-06T11:42:00","date_gmt":"2024-05-06T04:42:00","guid":{"rendered":"http:\/\/tuvanxinphep.halink.dev\/?page_id=390"},"modified":"2025-08-17T09:17:44","modified_gmt":"2025-08-17T02:17:44","slug":"danh-gia-cua-khach-hang","status":"publish","type":"page","link":"https:\/\/tuvanxinphep.com\/en\/customer-reviews\/","title":{"rendered":"Customer reviews"},"content":{"rendered":"<p><img loading=\"lazy\" decoding=\"async\" class=\"alignnone wp-image-953 size-full\" src=\"https:\/\/tuvanxinphep.com\/wp-content\/uploads\/2025\/08\/TKC-KRAFT_-THU-CAM-ON-1.jpg\" alt=\"\" width=\"1700\" height=\"2200\" srcset=\"https:\/\/tuvanxinphep.com\/wp-content\/uploads\/2025\/08\/TKC-KRAFT_-THU-CAM-ON-1.jpg 1700w, https:\/\/tuvanxinphep.com\/wp-content\/uploads\/2025\/08\/TKC-KRAFT_-THU-CAM-ON-1-232x300.jpg 232w, https:\/\/tuvanxinphep.com\/wp-content\/uploads\/2025\/08\/TKC-KRAFT_-THU-CAM-ON-1-791x1024.jpg 791w, https:\/\/tuvanxinphep.com\/wp-content\/uploads\/2025\/08\/TKC-KRAFT_-THU-CAM-ON-1-768x994.jpg 768w, https:\/\/tuvanxinphep.com\/wp-content\/uploads\/2025\/08\/TKC-KRAFT_-THU-CAM-ON-1-1187x1536.jpg 1187w, https:\/\/tuvanxinphep.com\/wp-content\/uploads\/2025\/08\/TKC-KRAFT_-THU-CAM-ON-1-1583x2048.jpg 1583w\" sizes=\"(max-width: 706px) 89vw, (max-width: 767px) 82vw, 740px\" \/><\/p>\n","protected":false},"excerpt":{"rendered":"","protected":false},"author":3,"featured_media":0,"parent":0,"menu_order":0,"comment_status":"closed","ping_status":"closed","template":"","meta":{"inline_featured_image":false,"footnotes":""},"yoast_head":"<!-- This site is optimized with the Yoast SEO plugin v22.8 - https:\/\/yoast.com\/wordpress\/plugins\/seo\/ -->\n<title>Customer reviews - Construction permit<\/title>\n<meta name=\"robots\" content=\"index, follow, max-snippet:-1, max-image-preview:large, max-video-preview:-1\" \/>\n<link rel=\"canonical\" href=\"https:\/\/tuvanxinphep.com\/danh-gia-cua-khach-hang\/\" \/>\n<meta property=\"og:locale\" content=\"en_US\" \/>\n<meta property=\"og:type\" content=\"article\" \/>\n<meta property=\"og:title\" content=\"[:vi]\u0110\u00e1nh gi\u00e1 c\u1ee7a kh\u00e1ch h\u00e0ng[:en]Customer reviews[:] - Construction permit\" \/>\n<meta property=\"og:url\" content=\"https:\/\/tuvanxinphep.com\/danh-gia-cua-khach-hang\/\" \/>\n<meta property=\"og:site_name\" content=\"Construction permit\" \/>\n<meta property=\"article:modified_time\" content=\"2025-08-17T02:17:44+00:00\" \/>\n<meta property=\"og:image\" content=\"https:\/\/tuvanxinphep.com\/wp-content\/uploads\/2025\/08\/TKC-KRAFT_-THU-CAM-ON-1.jpg\" \/>\n<meta name=\"twitter:card\" content=\"summary_large_image\" \/>\n<meta name=\"twitter:label1\" content=\"Est. reading time\" \/>\n\t<meta name=\"twitter:data1\" content=\"1 minute\" \/>\n<script type=\"application\/ld+json\" class=\"yoast-schema-graph\">{\"@context\":\"https:\/\/schema.org\",\"@graph\":[{\"@type\":\"WebPage\",\"@id\":\"https:\/\/tuvanxinphep.com\/danh-gia-cua-khach-hang\/\",\"url\":\"https:\/\/tuvanxinphep.com\/danh-gia-cua-khach-hang\/\",\"name\":\"[:vi]\u0110\u00e1nh gi\u00e1 c\u1ee7a kh\u00e1ch h\u00e0ng[:en]Customer reviews[:] - Construction permit\",\"isPartOf\":{\"@id\":\"https:\/\/tuvanxinphep.com\/#website\"},\"primaryImageOfPage\":{\"@id\":\"https:\/\/tuvanxinphep.com\/danh-gia-cua-khach-hang\/#primaryimage\"},\"image\":{\"@id\":\"https:\/\/tuvanxinphep.com\/danh-gia-cua-khach-hang\/#primaryimage\"},\"thumbnailUrl\":\"https:\/\/tuvanxinphep.com\/wp-content\/uploads\/2025\/08\/TKC-KRAFT_-THU-CAM-ON-1.jpg\",\"datePublished\":\"2024-05-06T04:42:00+00:00\",\"dateModified\":\"2025-08-17T02:17:44+00:00\",\"breadcrumb\":{\"@id\":\"https:\/\/tuvanxinphep.com\/danh-gia-cua-khach-hang\/#breadcrumb\"},\"inLanguage\":\"en-US\",\"potentialAction\":[{\"@type\":\"ReadAction\",\"target\":[\"https:\/\/tuvanxinphep.com\/danh-gia-cua-khach-hang\/\"]}]},{\"@type\":\"ImageObject\",\"inLanguage\":\"en-US\",\"@id\":\"https:\/\/tuvanxinphep.com\/danh-gia-cua-khach-hang\/#primaryimage\",\"url\":\"https:\/\/tuvanxinphep.com\/wp-content\/uploads\/2025\/08\/TKC-KRAFT_-THU-CAM-ON-1.jpg\",\"contentUrl\":\"https:\/\/tuvanxinphep.com\/wp-content\/uploads\/2025\/08\/TKC-KRAFT_-THU-CAM-ON-1.jpg\"},{\"@type\":\"BreadcrumbList\",\"@id\":\"https:\/\/tuvanxinphep.com\/danh-gia-cua-khach-hang\/#breadcrumb\",\"itemListElement\":[{\"@type\":\"ListItem\",\"position\":1,\"name\":\"Trang ch\u1ee7\",\"item\":\"https:\/\/tuvanxinphep.com\/\"},{\"@type\":\"ListItem\",\"position\":2,\"name\":\"\u0110\u00e1nh gi\u00e1 c\u1ee7a kh\u00e1ch h\u00e0ng\"}]},{\"@type\":\"WebSite\",\"@id\":\"https:\/\/tuvanxinphep.com\/#website\",\"url\":\"https:\/\/tuvanxinphep.com\/\",\"name\":\"PHUCTHINH Consultant\",\"description\":\"(Ti\u1ebfng Vi\u1ec7t) Gi\u1ea5y ph\u00e9p x\u00e2y d\u1ef1ng\",\"potentialAction\":[{\"@type\":\"SearchAction\",\"target\":{\"@type\":\"EntryPoint\",\"urlTemplate\":\"https:\/\/tuvanxinphep.com\/?s={search_term_string}\"},\"query-input\":\"required name=search_term_string\"}],\"inLanguage\":\"en-US\"}]}<\/script>\n<!-- \/ Yoast SEO plugin. -->","yoast_head_json":{"title":"[:vi]\u0110\u00e1nh gi\u00e1 c\u1ee7a kh\u00e1ch h\u00e0ng[:en]Customer reviews[:] - Construction permit","robots":{"index":"index","follow":"follow","max-snippet":"max-snippet:-1","max-image-preview":"max-image-preview:large","max-video-preview":"max-video-preview:-1"},"canonical":"https:\/\/tuvanxinphep.com\/danh-gia-cua-khach-hang\/","og_locale":"en_US","og_type":"article","og_title":"[:vi]\u0110\u00e1nh gi\u00e1 c\u1ee7a kh\u00e1ch h\u00e0ng[:en]Customer reviews[:] - Construction permit","og_url":"https:\/\/tuvanxinphep.com\/danh-gia-cua-khach-hang\/","og_site_name":"Construction permit","article_modified_time":"2025-08-17T02:17:44+00:00","og_image":[{"url":"https:\/\/tuvanxinphep.com\/wp-content\/uploads\/2025\/08\/TKC-KRAFT_-THU-CAM-ON-1.jpg"}],"twitter_card":"summary_large_image","twitter_misc":{"Est. reading time":"1 minute"},"schema":{"@context":"https:\/\/schema.org","@graph":[{"@type":"WebPage","@id":"https:\/\/tuvanxinphep.com\/danh-gia-cua-khach-hang\/","url":"https:\/\/tuvanxinphep.com\/danh-gia-cua-khach-hang\/","name":"[:vi]\u0110\u00e1nh gi\u00e1 c\u1ee7a kh\u00e1ch h\u00e0ng[:en]Customer reviews[:] - Construction permit","isPartOf":{"@id":"https:\/\/tuvanxinphep.com\/#website"},"primaryImageOfPage":{"@id":"https:\/\/tuvanxinphep.com\/danh-gia-cua-khach-hang\/#primaryimage"},"image":{"@id":"https:\/\/tuvanxinphep.com\/danh-gia-cua-khach-hang\/#primaryimage"},"thumbnailUrl":"https:\/\/tuvanxinphep.com\/wp-content\/uploads\/2025\/08\/TKC-KRAFT_-THU-CAM-ON-1.jpg","datePublished":"2024-05-06T04:42:00+00:00","dateModified":"2025-08-17T02:17:44+00:00","breadcrumb":{"@id":"https:\/\/tuvanxinphep.com\/danh-gia-cua-khach-hang\/#breadcrumb"},"inLanguage":"en-US","potentialAction":[{"@type":"ReadAction","target":["https:\/\/tuvanxinphep.com\/danh-gia-cua-khach-hang\/"]}]},{"@type":"ImageObject","inLanguage":"en-US","@id":"https:\/\/tuvanxinphep.com\/danh-gia-cua-khach-hang\/#primaryimage","url":"https:\/\/tuvanxinphep.com\/wp-content\/uploads\/2025\/08\/TKC-KRAFT_-THU-CAM-ON-1.jpg","contentUrl":"https:\/\/tuvanxinphep.com\/wp-content\/uploads\/2025\/08\/TKC-KRAFT_-THU-CAM-ON-1.jpg"},{"@type":"BreadcrumbList","@id":"https:\/\/tuvanxinphep.com\/danh-gia-cua-khach-hang\/#breadcrumb","itemListElement":[{"@type":"ListItem","position":1,"name":"Trang ch\u1ee7","item":"https:\/\/tuvanxinphep.com\/"},{"@type":"ListItem","position":2,"name":"\u0110\u00e1nh gi\u00e1 c\u1ee7a kh\u00e1ch h\u00e0ng"}]},{"@type":"WebSite","@id":"https:\/\/tuvanxinphep.com\/#website","url":"https:\/\/tuvanxinphep.com\/","name":"PHUCTHINH Consultant","description":"(Ti\u1ebfng Vi\u1ec7t) Gi\u1ea5y ph\u00e9p x\u00e2y d\u1ef1ng","potentialAction":[{"@type":"SearchAction","target":{"@type":"EntryPoint","urlTemplate":"https:\/\/tuvanxinphep.com\/?s={search_term_string}"},"query-input":"required name=search_term_string"}],"inLanguage":"en-US"}]}},"_links":{"self":[{"href":"https:\/\/tuvanxinphep.com\/en\/wp-json\/wp\/v2\/pages\/390"}],"collection":[{"href":"https:\/\/tuvanxinphep.com\/en\/wp-json\/wp\/v2\/pages"}],"about":[{"href":"https:\/\/tuvanxinphep.com\/en\/wp-json\/wp\/v2\/types\/page"}],"author":[{"embeddable":true,"href":"https:\/\/tuvanxinphep.com\/en\/wp-json\/wp\/v2\/users\/3"}],"replies":[{"embeddable":true,"href":"https:\/\/tuvanxinphep.com\/en\/wp-json\/wp\/v2\/comments?post=390"}],"version-history":[{"count":3,"href":"https:\/\/tuvanxinphep.com\/en\/wp-json\/wp\/v2\/pages\/390\/revisions"}],"predecessor-version":[{"id":957,"href":"https:\/\/tuvanxinphep.com\/en\/wp-json\/wp\/v2\/pages\/390\/revisions\/957"}],"wp:attachment":[{"href":"https:\/\/tuvanxinphep.com\/en\/wp-json\/wp\/v2\/media?parent=390"}],"curies":[{"name":"wp","href":"https:\/\/api.w.org\/{rel}","templated":true}]}}